{"id":11510,"date":"2024-01-15T16:36:59","date_gmt":"2024-01-15T15:36:59","guid":{"rendered":"https:\/\/richful-global.com\/impressum\/"},"modified":"2024-04-25T16:19:31","modified_gmt":"2024-04-25T14:19:31","slug":"impressum","status":"publish","type":"page","link":"https:\/\/richful-global.com\/de\/impressum\/","title":{"rendered":"Impressum"},"content":{"rendered":"\n<h2 class=\"wp-block-heading\">Informationen nach \u00a7 5 TMG<\/h2>\n\n<p>RICHFUL International GmbH<br\/>Kelvinstr. 29<br\/>Halle 1<br\/>50996 K\u00f6ln<\/p>\n\n<p>Handelsregister: HRB 63429<br\/>Registergericht: Amtsgericht K\u00f6ln<\/p>\n\n<p>Vertreten durch:<br\/>Yusheng Zhang<\/p>\n\n<p>Vorsitzender des Aufsichtsrates:<br\/>Haoran Zhang<\/p>\n\n<h2 class=\"wp-block-heading\">Kontakt<\/h2>\n\n<p>Telefon: +49 (0) 17681425159<br\/>E-Mail: info@richful-global.com<\/p>\n\n<h2 class=\"wp-block-heading\">Umsatzsteuer-ID<\/h2>\n\n<p>Umsatzsteuer-Identifikationsnummer gem\u00e4\u00df \u00a7 27 a Umsatzsteuergesetz:<br\/>DE264503616<\/p>\n\n<h2 class=\"wp-block-heading\">EU-Streitbeilegung<\/h2>\n\n<p>Die Europ\u00e4ische Kommission stellt eine Plattform f\u00fcr die Online-Streitbeilegung (OS) zur Verf\u00fcgung: https:\/\/ec.europa.eu\/consumers\/odr\/.<br\/>Unsere E-Mail-Adresse finden Sie in den obigen rechtlichen Hinweisen.<\/p>\n\n<h2 class=\"wp-block-heading\">Verbraucherstreitbeilegung\/Universelle Schlichtungsstelle<\/h2>\n\n<p>Wir sind nicht bereit oder verpflichtet, an einem Streitbeilegungsverfahren vor einer Verbraucherschlichtungsstelle teilzunehmen.<\/p>\n\n<p>Quelle: https:\/\/www.e-recht24.de<\/p>\n","protected":false},"excerpt":{"rendered":"<p>Informationen nach \u00a7 5 TMG RICHFUL International GmbHKelvinstr. 29Halle 150996 K\u00f6ln Handelsregister: HRB 63429Registergericht: Amtsgericht K\u00f6ln Vertreten durch:Yusheng Zhang Vorsitzender<\/p>\n","protected":false},"author":1,"featured_media":0,"parent":0,"menu_order":0,"comment_status":"closed","ping_status":"closed","template":"","meta":{"footnotes":""},"class_list":["post-11510","page","type-page","status-publish","hentry"],"_links":{"self":[{"href":"https:\/\/richful-global.com\/de\/wp-json\/wp\/v2\/pages\/11510","targetHints":{"allow":["GET"]}}],"collection":[{"href":"https:\/\/richful-global.com\/de\/wp-json\/wp\/v2\/pages"}],"about":[{"href":"https:\/\/richful-global.com\/de\/wp-json\/wp\/v2\/types\/page"}],"author":[{"embeddable":true,"href":"https:\/\/richful-global.com\/de\/wp-json\/wp\/v2\/users\/1"}],"replies":[{"embeddable":true,"href":"https:\/\/richful-global.com\/de\/wp-json\/wp\/v2\/comments?post=11510"}],"version-history":[{"count":0,"href":"https:\/\/richful-global.com\/de\/wp-json\/wp\/v2\/pages\/11510\/revisions"}],"wp:attachment":[{"href":"https:\/\/richful-global.com\/de\/wp-json\/wp\/v2\/media?parent=11510"}],"curies":[{"name":"wp","href":"https:\/\/api.w.org\/{rel}","templated":true}]}}