{"id":11642,"date":"2024-03-04T16:57:07","date_gmt":"2024-03-04T15:57:07","guid":{"rendered":"https:\/\/richful-global.com\/agb\/"},"modified":"2024-03-04T16:57:07","modified_gmt":"2024-03-04T15:57:07","slug":"agb","status":"publish","type":"page","link":"https:\/\/richful-global.com\/de\/agb\/","title":{"rendered":"AGB"},"content":{"rendered":"<h1><strong>Allgemeine Gesch\u00e4ftsbedingungen (einschlie\u00dflich Informationen f\u00fcr Kunden)<\/strong><\/h1>\n<p>1. Anwendbarkeit<br \/>\n2. Angebote, Servicebeschreibungen<br \/>\n3. Bestellvorgang, Abschluss des Vertrages<br \/>\n4. Preise, Lieferkosten<br \/>\n5. Lieferung, Produktverf\u00fcgbarkeit<br \/>\n6. Zahlungsbedingungen<br \/>\n7. Eigentumsvorbehalt<br \/>\n8. Kundenkonto<br \/>\n9. Produktgarantie, Gew\u00e4hrleistung<br \/>\n10. Haftung<br \/>\n11. Aufbewahrung des Vertrags selbst<br \/>\n12. Schlussbemerkungen<\/p>\n<p><strong>1. Anwendbarkeit<\/strong><br \/>\n1.1. Die Gesch\u00e4ftsbeziehung zwischen RICHFUL International GmbH , Inhaber: Yusheng Zhang, Kelvinstr. 29 Halle 1,50996 K\u00f6ln, (nachfolgend &#8222;Verk\u00e4ufer&#8220; genannt) und dem Kunden (nachfolgend &#8222;Kunde&#8220; genannt) gelten ausschlie\u00dflich die nachfolgenden Allgemeinen Gesch\u00e4ftsbedingungen in ihrer zum Zeitpunkt der Bestellung g\u00fcltigen Fassung.<\/p>\n<p>1.2. Ein Verbraucher im Sinne dieser Allgemeinen Gesch\u00e4ftsbedingungen ist jede nat\u00fcrliche Person, die ein Rechtsgesch\u00e4ft zu einem Zweck abschlie\u00dft, der \u00fcberwiegend weder ihrer gewerblichen noch ihrer selbst\u00e4ndigen beruflichen T\u00e4tigkeit zugerechnet werden kann. Ein Unternehmer ist eine nat\u00fcrliche oder juristische Person oder eine rechtsf\u00e4hige Personengesellschaft, die bei Abschluss eines Rechtsgesch\u00e4fts in Aus\u00fcbung ihrer gewerblichen oder selbst\u00e4ndigen beruflichen T\u00e4tigkeit handelt.<\/p>\n<p>1.3. Abweichende Bedingungen des Kunden werden nicht anerkannt, es sei denn, der Verk\u00e4ufer stimmt ihrer Geltung ausdr\u00fccklich zu.<\/p>\n<p><strong>2. Angebote, Servicebeschreibungen<\/strong><br \/>\n2.1. Die Darstellung der Produkte im Online-Shop ist mit einer Aufforderung zur Bestellung gleichzusetzen und stellt kein rechtlich bindendes Angebot dar. Leistungsbeschreibungen in Katalogen oder auf den Websites des Verk\u00e4ufers sind weder mit einem Versprechen noch mit einer Garantie gleichzusetzen.<\/p>\n<p>2.2. Alle Angebote sind g\u00fcltig &#8222;solange der Vorrat reicht&#8220;, sofern in der jeweiligen Produktbeschreibung nichts anderes angegeben ist. Irrt\u00fcmer vorbehalten.<\/p>\n<p><strong>NB: Bitte geben Sie im folgenden Abschnitt die richtigen Schaltfl\u00e4chenbeschriftungen ein.<\/strong><br \/>\n<strong>3. Bestellvorgang, Abschluss des Vertrages<\/strong><br \/>\n3.1. Es steht dem Kunden frei, die Produkte seiner Wahl aus dem Sortiment des Anbieters auszuw\u00e4hlen und in einem so genannten &#8222;Warenkorb&#8220; zusammenzustellen. Verwenden Sie dazu die Schaltfl\u00e4che Enter label: [Add to cart]. Der Kunde kann dann zu seinem Einkaufswagen gehen und seine Auswahl nach Bedarf \u00e4ndern, z.B. indem er ein Produkt aus dem Einkaufswagen entfernt. Sobald der Kunde mit seiner Auswahl zufrieden ist, kann er mit dem letzten Schritt des Bestellvorgangs fortfahren, indem er auf die Schaltfl\u00e4che Zur Kasse gehen klickt.<\/p>\n<p>3.2. Wenn der Kunde auf die Schaltfl\u00e4che Enter label: [Place order] klickt, gibt er einen verbindlichen Antrag zum Kauf der im Warenkorb befindlichen Waren ab. Vor der Bestellung kann der Kunde seine Bestelldaten jederzeit einsehen und \u00e4ndern. Au\u00dferdem kann er die &#8222;Zur\u00fcck&#8220;-Funktion seines Browsers nutzen, um zu seinem Warenkorb zur\u00fcckzukehren oder den Bestellvorgang abzubrechen. Wichtige Eintr\u00e4ge sind mit einem Sternchen (*) gekennzeichnet.<\/p>\n<p>3.3. Der Verk\u00e4ufer antwortet, indem er dem Kunden eine automatische Empfangsbest\u00e4tigung per E-Mail schickt. Die E-Mail fasst die Bestellung des Kunden zusammen und kann \u00fcber die Funktion &#8222;Drucken&#8220; ausgedruckt werden (Bestellbest\u00e4tigung). Die automatische Empfangsbest\u00e4tigung dokumentiert lediglich den Eingang der Bestellung des Kunden beim Verk\u00e4ufer und ist nicht mit der Annahme der Bestellung gleichzusetzen. Ein verbindlicher Kaufvertrag kommt erst dann zustande, wenn der Verk\u00e4ufer das bestellte Produkt innerhalb von 2 Tagen an den Kunden versendet oder aush\u00e4ndigt oder den Versand des bestellten Produkts innerhalb von 2 Tagen best\u00e4tigt, indem er dem Kunden eine zweite E-Mail, eine Auftragsbest\u00e4tigung oder eine Rechnung schickt.<\/p>\n<p>3.4. Bei Kunden, die Unternehmen sind, betr\u00e4gt die vorgenannte Frist f\u00fcr Versand, Lieferung oder Auftragsbest\u00e4tigung sieben statt zwei Tage.<\/p>\n<p>3.5. Wenn der Verk\u00e4ufer eine Vorauszahlungsoption anbietet, gilt der Vertrag als zu dem Zeitpunkt geschlossen, an dem der Kunde seine Bankdaten angibt und der Zahlungsaufforderung nachkommt. Wenn die Zahlung trotz F\u00e4lligkeit und trotz Mahnung des Kunden nicht innerhalb von 10 Kalendertagen nach Versand der Auftragsbest\u00e4tigung beim Verk\u00e4ufer eingeht, ist der Verk\u00e4ufer berechtigt, vom Vertrag zur\u00fcckzutreten, wodurch die Bestellung ung\u00fcltig wird und der Verk\u00e4ufer von seiner Lieferpflicht befreit wird. Zu diesem Zeitpunkt gilt der Auftrag als abgeschlossen, ohne dass dies weitere Konsequenzen f\u00fcr den Kunden oder den Verk\u00e4ufer hat. Produkte, f\u00fcr die eine Vorauszahlung angeboten wird, k\u00f6nnen daher f\u00fcr maximal 10 Kalendertage reserviert werden.<\/p>\n<p><strong>4. Preise, Lieferkosten<\/strong><br \/>\n4.1. Alle auf der Website des Verk\u00e4ufers angegebenen Preise verstehen sich inklusive der gesetzlichen Mehrwertsteuer (MwSt.) in der jeweils g\u00fcltigen H\u00f6he.<\/p>\n<p>4.2. Der Verk\u00e4ufer berechnet zus\u00e4tzlich zu den angegebenen Preisen Lieferkosten. Die Lieferkosten werden dem Kunden auf einer separaten Webseite und w\u00e4hrend des Bestellvorgangs selbst deutlich erkl\u00e4rt.<\/p>\n<p><strong>5. Lieferung, Produktverf\u00fcgbarkeit<\/strong><br \/>\n5.1. Wenn der Kunde Vorkasse w\u00e4hlt, erfolgt die Lieferung erst nach Eingang des Rechnungsbetrags.<\/p>\n<p>5.2. Der Verk\u00e4ufer ist berechtigt, vom Vertrag zur\u00fcckzutreten, wenn die Lieferung der Ware trotz dreier Zustellversuche durch Verschulden des Kunden scheitert. Bereits geleistete Zahlungen des Kunden werden unverz\u00fcglich zur\u00fcckerstattet.<\/p>\n<p>5.3. Der Verk\u00e4ufer ist berechtigt, vom Vertrag zur\u00fcckzutreten, wenn das bestellte Produkt nicht verf\u00fcgbar ist, weil der Verk\u00e4ufer ohne eigenes Verschulden von seinem Lieferanten nicht mit dem gew\u00fcnschten Produkt beliefert wird. Sollte diese Situation eintreten, wird der Verk\u00e4ufer den Kunden unverz\u00fcglich informieren und ihm gegebenenfalls anbieten, ein vergleichbares Produkt zu liefern. Wenn keine vergleichbaren Produkte verf\u00fcgbar sind oder der Kunde kein vergleichbares Produkt w\u00fcnscht, erstattet der Verk\u00e4ufer dem Kunden die bereits geleistete Zahlung unverz\u00fcglich zur\u00fcck.<\/p>\n<p>5.4. \u00dcber Lieferfristen und Lieferbeschr\u00e4nkungen (z.B. Lieferung in bestimmte L\u00e4nder unter Ausschluss anderer) werden Kunden auf einer separaten Webseite oder in der jeweiligen Produktbeschreibung informiert.<\/p>\n<p>5.5 Bei Kunden, die Unternehmer sind, geht die Gefahr des zuf\u00e4lligen Untergangs und der zuf\u00e4lligen Verschlechterung der Ware auf die K\u00e4ufer \u00fcber, sobald der Verk\u00e4ufer die Sache dem Spediteur, dem Frachtf\u00fchrer oder der sonst zur Ausf\u00fchrung der Versendung bestimmten Person oder Anstalt ausgeliefert hat; die angegebenen Liefertermine und -fristen sind, vorbehaltlich anderer Zusagen und Vereinbarungen, keine Fixtermine.<\/p>\n<p>5.6 Liefer- und Leistungsverz\u00f6gerungen aufgrund h\u00f6herer Gewalt und aufgrund von unvorhersehbaren Ereignissen, die dem Verk\u00e4ufer die Lieferung wesentlich erschweren oder unm\u00f6glich machen, hat der Verk\u00e4ufer gegen\u00fcber Kunden, die Unternehmer sind, auch bei verbindlich vereinbarten Fristen und Terminen nicht zu vertreten. In diesem Fall ist der Verk\u00e4ufer berechtigt, die Lieferung bzw. Leistung um die Dauer der Behinderung zuz\u00fcglich einer angemessenen Anlaufzeit hinauszuschieben. Das Recht auf Fristverl\u00e4ngerung gilt auch f\u00fcr Kunden, die Unternehmer sind, bei unvorhersehbaren Ereignissen, die den Betrieb eines Vorlieferanten betreffen und die weder der Vorlieferant noch der Verk\u00e4ufer zu vertreten haben. W\u00e4hrend der Dauer der Behinderung ist der Kunde auch von seinen vertraglichen Verpflichtungen, insbesondere der Zahlung, befreit. Ist die Verz\u00f6gerung f\u00fcr den Kunden unzumutbar, kann der Kunde nach einer von ihm zu setzenden angemessenen Frist oder nach R\u00fccksprache mit dem Verk\u00e4ufer durch schriftliche Erkl\u00e4rung vom Vertrag zur\u00fccktreten.<\/p>\n<p><strong>6. Zahlungsbedingungen<\/strong><br \/>\n6.1. Dem Kunden steht es frei, w\u00e4hrend des Bestellvorgangs eine der verf\u00fcgbaren Zahlungsarten zu w\u00e4hlen; die Auswahl erfolgt vor Abschluss des Bestellvorgangs. Kunden werden auf einer separaten Webseite \u00fcber die verf\u00fcgbaren Zahlungsarten informiert.<\/p>\n<p>6.2. Wenn eine Zahlung auf Rechnung m\u00f6glich ist, muss die Zahlung innerhalb von 30 Tagen nach Erhalt der Ware und der entsprechenden Rechnung erfolgen. Bei allen anderen Zahlungsarten muss die vollst\u00e4ndige Zahlung im Voraus erfolgen.<\/p>\n<p>6.3. Wenn Drittanbieter mit der Zahlungsabwicklung beauftragt werden (z.B. PayPal), gelten die allgemeinen Gesch\u00e4ftsbedingungen dieser Anbieter.<\/p>\n<p>6.4. Wenn das F\u00e4lligkeitsdatum, zu dem die Zahlung erfolgen muss, als Kalenderdatum definiert ist, ger\u00e4t der Kunde in Verzug, sobald er dieses F\u00e4lligkeitsdatum nicht einh\u00e4lt, und schuldet die gesetzlichen Verzugszinsen.<\/p>\n<p>6.5. Die Verpflichtung des Kunden zur Zahlung von Verzugszinsen schlie\u00dft die Geltendmachung anderer Verzugssch\u00e4den durch den Verk\u00e4ufer nicht aus.<\/p>\n<p>6.6. Der Kunde hat ein Recht zur Aufrechnung nur, wenn seine Gegenanspr\u00fcche rechtskr\u00e4ftig festgestellt oder vom Verk\u00e4ufer anerkannt wurden. Der Kunde kann ein Zur\u00fcckbehaltungsrecht nur geltend machen, wenn seine Anspr\u00fcche aus demselben Vertragsverh\u00e4ltnis resultieren wie die Anspr\u00fcche des Verk\u00e4ufers.<\/p>\n<p><strong>7. Eigentumsvorbehalt<\/strong><br \/>\nDer Verk\u00e4ufer beh\u00e4lt sich das Eigentum an den gelieferten Waren vor, bis die vollst\u00e4ndige Zahlung erfolgt ist.<br \/>\nF\u00fcr Kunden, die Unternehmer sind, gilt erg\u00e4nzend das Folgende: Der Verk\u00e4ufer beh\u00e4lt sich das Eigentum an der Ware bis zur vollst\u00e4ndigen Begleichung aller Forderungen aus einer laufenden Gesch\u00e4ftsbeziehung vor; der K\u00e4ufer ist verpflichtet, die Kaufsache pfleglich zu behandeln, solange das Eigentum noch nicht auf ihn \u00fcbergegangen ist. Er ist insbesondere verpflichtet, sie auf eigene Kosten gegen Diebstahl, Feuer- und Wassersch\u00e4den ausreichend zum Neuwert zu versichern, sofern dies angemessen oder branchen\u00fcblich ist. M\u00fcssen Wartungs- und Inspektionsarbeiten durchgef\u00fchrt werden, hat der K\u00e4ufer diese auf eigene Kosten rechtzeitig auszuf\u00fchren. Die Verarbeitung oder Umbildung der Vorbehaltsware durch den Kunden wird stets f\u00fcr den Verk\u00e4ufer vorgenommen. Wird die Vorbehaltsware mit anderen, nicht dem Verk\u00e4ufer geh\u00f6renden Gegenst\u00e4nden verarbeitet, so erwirbt der Verk\u00e4ufer das Miteigentum an der neuen Sache im Verh\u00e4ltnis des Wertes der Vorbehaltsware zu den anderen verarbeiteten Gegenst\u00e4nden zur Zeit der Verarbeitung. F\u00fcr die durch Verarbeitung entstehende Sache gilt im \u00dcbrigen das Gleiche wie f\u00fcr die unter Eigentumsvorbehalt stehende Ware. Der Kunde tritt die Forderung auch zur Sicherung der Forderungen gegen ihn ab, die durch die Verbindung der Vorbehaltsware mit einem Grundst\u00fcck gegen einen Dritten erwachsen. Zugriffe Dritter auf die im Eigentum oder Miteigentum des Verk\u00e4ufers stehenden Waren sind vom Kunden unverz\u00fcglich zu melden. Der Kunde tr\u00e4gt die Kosten f\u00fcr eine Drittwiderspruchsklage oder die Kosten f\u00fcr eine au\u00dfergerichtliche Freigabe, die sich aus solchen Interventionen ergeben. Der Kunde ist berechtigt, die unter Eigentumsvorbehalt stehenden Waren im ordentlichen Gesch\u00e4ftsgang weiter zu ver\u00e4u\u00dfern. Die aus dem Weiterverkauf oder einem sonstigen Rechtsgrund bez\u00fcglich der Vorbehaltsware entstehenden Forderungen (einschlie\u00dflich s\u00e4mtlicher Saldoforderungen aus Kontokorrent) tritt der Kunde bereits sicherungshalber an den Verk\u00e4ufer ab. Der Verk\u00e4ufer erm\u00e4chtigt den Kunden widerruflich, die an den Verk\u00e4ufer abgetretenen Forderungen f\u00fcr dessen Rechnung und im eigenen Namen einzuziehen. Diese Einzugserm\u00e4chtigung kann widerrufen werden, wenn der Kunde seinen Zahlungsverpflichtungen nicht ordnungsgem\u00e4\u00df nachkommt. Der Verk\u00e4ufer verpflichtet sich, die ihm zustehenden Sicherheiten auf Verlangen des Kunden insoweit freizugeben, als ihr Verkaufswert die Summe aller offenen Forderungen des Verk\u00e4ufers aus der Gesch\u00e4ftsverbindung um mehr als 10 % (bzw. um mehr als 50 %, wenn die Gefahr der Liquidation besteht) \u00fcbersteigt. Die Auswahl der freizugebenden Sicherheiten obliegt dem Verk\u00e4ufer. Mit der Begleichung aller Forderungen des Verk\u00e4ufers aus Liefergesch\u00e4ften gehen das Eigentum an der Vorbehaltsware und die abgetretenen Forderungen auf den K\u00e4ufer \u00fcber. Die Auswahl der freizugebenden Sicherheiten obliegt dem Verk\u00e4ufer.<\/p>\n<p><strong>8. Kundenkonto<\/strong><\/p>\n<p>8.1 Der Verk\u00e4ufer stellt den Kunden ein Kundenkonto zur Verf\u00fcgung. Innerhalb des Kundenkontos werden den Kunden Informationen \u00fcber die Bestellungen und ihre beim Verk\u00e4ufer gespeicherten Kundendaten zur Verf\u00fcgung gestellt. Die im Kundenkonto gespeicherten Informationen sind nicht \u00f6ffentlich.<\/p>\n<p>8.2. W\u00e4hlen Sie eine Alternative: Um eine Bestellung aufzugeben, m\u00fcssen Kunden ein Kundenkonto anlegen. Eine Gastbestellung ist nicht m\u00f6glich. \/ Kunden k\u00f6nnen auch als Gast eine Bestellung aufgeben, ohne ein Kundenkonto anlegen zu m\u00fcssen.<\/p>\n<p>8.3. Kunden sind verpflichtet, im Kundenkonto wahrheitsgem\u00e4\u00dfe Angaben zu machen und die Angaben an ge\u00e4nderte tats\u00e4chliche Verh\u00e4ltnisse anzupassen, soweit dies erforderlich ist (z.B. die ge\u00e4nderte E-Mail-Adresse bei einem Wechsel oder die ge\u00e4nderte Postanschrift vor einer Bestellung). Kunden sind f\u00fcr alle Nachteile verantwortlich, die durch falsche Informationen entstehen k\u00f6nnen.<\/p>\n<p>8.4. Das Kundenkonto darf nur nach Ma\u00dfgabe der geltenden gesetzlichen Bestimmungen, insbesondere der Bestimmungen zum Schutz von Rechten Dritter, und nach Ma\u00dfgabe der AGB des Verk\u00e4ufers mittels der vom Verk\u00e4ufer zur Verf\u00fcgung gestellten Zugangsmasken und sonstigen technischen Zugangsm\u00f6glichkeiten genutzt werden. Jede andere Art der Nutzung, insbesondere durch externe Software, wie Bots oder Crawler, ist untersagt.<\/p>\n<p>8.5. Soweit Kunden innerhalb des Kundenkontos Inhalte oder Informationen (im Folgenden &#8222;Inhalte&#8220; genannt) speichern, angeben oder anderweitig einstellen, sind die Kunden f\u00fcr diese Informationen verantwortlich. Der Verk\u00e4ufer macht sich die Inhalte der Kunden nicht zu eigen. Der Verk\u00e4ufer beh\u00e4lt sich jedoch das Recht vor, geeignete Ma\u00dfnahmen zu ergreifen, je nach dem Grad des Risikos einer Rechtsverletzung, das von den Inhalten ausgeht, insbesondere dem Risiko f\u00fcr Dritte. Die Ma\u00dfnahmen, die die Kriterien der Notwendigkeit, Angemessenheit, Sorgfalt, Objektivit\u00e4t sowie Angemessenheit und die Interessen aller Beteiligten, insbesondere die Grundrechte der Kunden, ber\u00fccksichtigen, k\u00f6nnen die (teilweise) L\u00f6schung von Inhalten, Handlungsaufforderungen und Erkl\u00e4rungen, Verwarnungen und Verwarnungen sowie Hausverbote umfassen.<\/p>\n<p>8.6. Kunden k\u00f6nnen das Kundenkonto jederzeit k\u00fcndigen. Der Verk\u00e4ufer kann das Kundenkonto jederzeit mit einer angemessenen Frist, die in der Regel zwei Wochen betr\u00e4gt, k\u00fcndigen. Die K\u00fcndigung muss f\u00fcr den Kunden zumutbar sein. Der Verk\u00e4ufer beh\u00e4lt sich das Recht auf K\u00fcndigung aus au\u00dferordentlichen Gr\u00fcnden vor.<\/p>\n<p>8.7. Ab dem Zeitpunkt der K\u00fcndigung sind das Kundenkonto und die im Kundenkonto gespeicherten Informationen f\u00fcr den Kunden nicht mehr verf\u00fcgbar. Es liegt in der Verantwortung des Kunden, seine Daten zu sichern, wenn er sein Kundenkonto k\u00fcndigt.<\/p>\n<p><strong>9. Produktgarantie und Gew\u00e4hrleistung<\/strong><br \/>\n9.1. Die Gew\u00e4hrleistung (M\u00e4ngelhaftung) bestimmt sich nach den gesetzlichen Vorschriften, vorbehaltlich der nachfolgenden Bestimmungen.<\/p>\n<p>9.2. Die vom Verk\u00e4ufer gelieferten Waren unterliegen nur dann einer Garantie, wenn der Kunde vor Beginn des Bestellvorgangs ausdr\u00fccklich \u00fcber eine solche Garantie und deren Bedingungen informiert wurde.<\/p>\n<p>9.3. Ist der Kunde Unternehmer, hat er die Ware unbeschadet gesetzlicher R\u00fcgepflichten unverz\u00fcglich zu untersuchen und erkennbare Sachm\u00e4ngel unverz\u00fcglich, sp\u00e4testens innerhalb von zwei Wochen nach Lieferung, nicht erkennbare Sachm\u00e4ngel unverz\u00fcglich, sp\u00e4testens innerhalb von zwei Wochen nach Entdeckung, schriftlich zu r\u00fcgen. Handels\u00fcbliche und nach den Qualit\u00e4tsstandards zul\u00e4ssige Abweichungen in Qualit\u00e4t, Gewicht, Gr\u00f6\u00dfe, Dicke, Breite, Ausstattung, Muster und Farbe sowie geringf\u00fcgige Abweichungen stellen keine M\u00e4ngel dar.<\/p>\n<p>9.4. Ist der Kunde Unternehmer, hat er die Wahl zwischen Nachbesserung oder Nachlieferung der mangelhaften Ware durch den Verk\u00e4ufer.<\/p>\n<p>9.5. Unbeschadet der Haftungsregelungen dieser AGB verj\u00e4hren Sachm\u00e4ngel bei Kunden, die Unternehmer sind, in einem Jahr ab Gefahr\u00fcbergang, soweit das Gesetz nicht l\u00e4ngere Fristen vorschreibt, insbesondere im Falle von Sonderregelungen f\u00fcr den R\u00fcckgriff des Unternehmers. Bei gebrauchten Waren ist die Gew\u00e4hrleistung f\u00fcr Kunden, die Unternehmer sind, ausgeschlossen.<\/p>\n<p>9.6. Hat der Kunde, der Unternehmer ist, die mangelhafte Sache im Sinne des \u00a7 439 Abs. 3 BGB in eine andere Sache eingebaut oder mit einer anderen Sache bestimmungsgem\u00e4\u00df verbunden, ist der Verk\u00e4ufer vorbehaltlich einer ausdr\u00fccklichen Vereinbarung und unbeschadet der sonstigen Gew\u00e4hrleistungspflichten nicht verpflichtet, dem Kunden die erforderlichen Aufwendungen f\u00fcr den Ausbau der mangelhaften Sache und den Einbau oder die Verbindung der nachgebesserten oder gelieferten mangelfreien Sache im Rahmen der Nacherf\u00fcllung zu ersetzen. Dementsprechend ist der Verk\u00e4ufer auch nicht verpflichtet, Aufwendungen f\u00fcr den Ausbau der mangelhaften Sache und den Ein- oder Anbau der reparierten oder gelieferten mangelfreien Sache im Rahmen eines R\u00fcckgriffs des Kunden innerhalb der Lieferkette (d.h. zwischen dem Kunden und seinen Abnehmern) zu erstatten.<\/p>\n<p><strong>10. Haftung<\/strong><br \/>\n10.1. Die folgenden Haftungsausschl\u00fcsse und -beschr\u00e4nkungen im Zusammenhang mit der Schadensersatzpflicht des Verk\u00e4ufers gelten unabh\u00e4ngig von den sonstigen gesetzlichen Anspruchsvoraussetzungen.<\/p>\n<p>10.2. Der Verk\u00e4ufer haftet uneingeschr\u00e4nkt, wenn der Schaden vors\u00e4tzlich oder grob fahrl\u00e4ssig verursacht wurde.<\/p>\n<p>10.3. Der Verk\u00e4ufer haftet auch f\u00fcr leichte Fahrl\u00e4ssigkeit bei der Verletzung von wesentlichen Pflichten, deren Verletzung die Erreichung des Vertragszwecks gef\u00e4hrdet, und bei der Verletzung von Pflichten, deren Erf\u00fcllung die ordnungsgem\u00e4\u00dfe Durchf\u00fchrung des Vertrags \u00fcberhaupt erst erm\u00f6glicht und auf deren Einhaltung der Kunde regelm\u00e4\u00dfig vertrauen darf. In diesem Fall ist die Haftung des Verk\u00e4ufers jedoch auf den vertragstypischen, vorhersehbaren Schaden beschr\u00e4nkt. Der Verk\u00e4ufer haftet nicht f\u00fcr leichte Fahrl\u00e4ssigkeit bei der Verletzung anderer als der in den vorstehenden S\u00e4tzen genannten Pflichten.<\/p>\n<p>10.4. Die vorstehenden Haftungsbeschr\u00e4nkungen gelten nicht f\u00fcr Sch\u00e4den aus der Verletzung des Lebens, des K\u00f6rpers oder der Gesundheit, f\u00fcr M\u00e4ngel, die nach \u00dcbernahme einer Garantie f\u00fcr die Beschaffenheit des Produkts festgestellt wurden, oder f\u00fcr arglistig verschwiegene M\u00e4ngel. Die Haftung nach dem Gesetz \u00fcber die Haftung f\u00fcr fehlerhafte Produkte bleibt hiervon unber\u00fchrt.<\/p>\n<p>10.5. Soweit die Haftung des Verk\u00e4ufers ausgeschlossen oder beschr\u00e4nkt ist, gilt dieser Ausschluss bzw. diese Beschr\u00e4nkung auch f\u00fcr die pers\u00f6nliche Haftung von Arbeitnehmern, Vertretern und Erf\u00fcllungsgehilfen.<\/p>\n<p><strong>11. Aufbewahrung des Vertrags selbst<\/strong><br \/>\n11.1. Der Kunde kann den Vertrag mit Hilfe der Druckfunktion seines Browsers im letzten Schritt des Bestellvorgangs ausdrucken (d.h. bevor er seine Bestellung beim Verk\u00e4ufer aufgibt).<\/p>\n<p>11.2. Der Verk\u00e4ufer schickt dem Kunden au\u00dferdem eine Bestellbest\u00e4tigung mit allen Bestelldaten an die vom Kunden angegebene E-Mail-Adresse. Dar\u00fcber hinaus erh\u00e4lt der Kunde zusammen mit der Auftragsbest\u00e4tigung oder sp\u00e4testens bei Lieferung der Ware eine Kopie der Allgemeinen Gesch\u00e4ftsbedingungen des Verk\u00e4ufers (einschlie\u00dflich der Widerrufsbelehrung des Verk\u00e4ufers und Informationen zu den Versandkosten und den Versand- und Zahlungsbedingungen des Verk\u00e4ufers). Wenn Sie sich in unserem Shop registriert haben, k\u00f6nnen Sie die von Ihnen aufgegebenen Bestellungen in Ihrem Profil einsehen. Wir speichern den Vertrag auch in Ihrem Profil, machen ihn aber nicht im Internet zug\u00e4nglich.<\/p>\n<p>11.3. Kunden, die Unternehmer sind, k\u00f6nnen die Vertragsunterlagen per E-Mail, in schriftlicher Form oder durch Verweis auf eine Online-Quelle erhalten.<\/p>\n<p><strong>12. Schlussbemerkungen<\/strong><br \/>\n12.1. Ist der K\u00e4ufer Unternehmer, ist vorbehaltlich anderweitiger Vereinbarungen oder zwingender gesetzlicher Bestimmungen der Erf\u00fcllungsort der Sitz des Verk\u00e4ufers, w\u00e4hrend der Gerichtsstand der Sitz des Verk\u00e4ufers ist, wenn der Kunde Kaufmann, juristische Person des \u00f6ffentlichen Rechts oder \u00f6ffentlich-rechtliches Sonderverm\u00f6gen ist oder der K\u00e4ufer im Land des Sitzes des Verk\u00e4ufers keinen allgemeinen Gerichtsstand hat. Das Recht des Verk\u00e4ufers, einen anderen zul\u00e4ssigen Gerichtsstand zu w\u00e4hlen, bleibt vorbehalten.<\/p>\n<p>12.2. Gegen\u00fcber Unternehmern gilt das Recht von [Federal Republic of Germany \/ Republic of Austria] unter Ausschluss des UN-Kaufrechts, soweit nicht zwingende gesetzliche Bestimmungen entgegenstehen.<\/p>\n<p>12.3. Die Sprache des Vertrags ist Deutsch.<\/p>\n<p>12.4. Verbraucherplattform der Europ\u00e4ischen Kommission f\u00fcr die Online-Streitbeilegung (ODR): <a href=\"http:\/\/ec.europa.eu\/consumers\/odr\/\">http:\/\/ec.europa.eu\/consumers\/odr\/.<\/a> Wir sind weder bereit noch verpflichtet, an einem Streitbeilegungsverfahren vor einer Verbraucherschlichtungsstelle teilzunehmen.<\/p>\n","protected":false},"excerpt":{"rendered":"<p>Allgemeine Gesch\u00e4ftsbedingungen (einschlie\u00dflich Informationen f\u00fcr Kunden) 1. Anwendbarkeit 2. Angebote, Servicebeschreibungen 3. Bestellvorgang, Abschluss des Vertrages 4. Preise, Lieferkosten 5.<\/p>\n","protected":false},"author":1,"featured_media":0,"parent":0,"menu_order":0,"comment_status":"closed","ping_status":"closed","template":"","meta":{"footnotes":""},"class_list":["post-11642","page","type-page","status-publish","hentry"],"_links":{"self":[{"href":"https:\/\/richful-global.com\/de\/wp-json\/wp\/v2\/pages\/11642","targetHints":{"allow":["GET"]}}],"collection":[{"href":"https:\/\/richful-global.com\/de\/wp-json\/wp\/v2\/pages"}],"about":[{"href":"https:\/\/richful-global.com\/de\/wp-json\/wp\/v2\/types\/page"}],"author":[{"embeddable":true,"href":"https:\/\/richful-global.com\/de\/wp-json\/wp\/v2\/users\/1"}],"replies":[{"embeddable":true,"href":"https:\/\/richful-global.com\/de\/wp-json\/wp\/v2\/comments?post=11642"}],"version-history":[{"count":0,"href":"https:\/\/richful-global.com\/de\/wp-json\/wp\/v2\/pages\/11642\/revisions"}],"wp:attachment":[{"href":"https:\/\/richful-global.com\/de\/wp-json\/wp\/v2\/media?parent=11642"}],"curies":[{"name":"wp","href":"https:\/\/api.w.org\/{rel}","templated":true}]}}