{"id":11736,"date":"2024-04-30T10:52:19","date_gmt":"2024-04-30T08:52:19","guid":{"rendered":"https:\/\/richful-global.com\/versandinformationen\/"},"modified":"2024-05-03T08:57:38","modified_gmt":"2024-05-03T06:57:38","slug":"versandinformationen","status":"publish","type":"page","link":"https:\/\/richful-global.com\/de\/versandinformationen\/","title":{"rendered":"Versandinformationen"},"content":{"rendered":"\n<h1 class=\"wp-block-heading\">Versandinformationen<\/h1>\n\n<p>Wir versenden unsere Porzellan- und Glasprodukte direkt aus Deutschland an Kunden in Deutschland, \u00d6sterreich und den Niederlanden. Unten finden Sie detaillierte Informationen zu den Versandkosten und Lieferzeiten.<\/p>\n\n<h4 class=\"wp-block-heading\">Kosten f\u00fcr den Versand<\/h4>\n\n<ul class=\"wp-block-list\">\n<li><strong>Deutschland:<\/strong> Der Standardversand innerhalb Deutschlands betr\u00e4gt 6,99 \u20ac f\u00fcr Pakete bis zu 5 kg. Wir bieten kostenlosen Versand f\u00fcr Bestellungen \u00fcber 70 \u20ac.<\/li>\n\n\n\n<li><strong>\u00d6sterreich:<\/strong> F\u00fcr Sendungen nach \u00d6sterreich berechnen wir eine Pauschale von 13,99 \u20ac f\u00fcr Pakete bis zu 5 kg. Der Versand ist ab einem Bestellwert von 100 \u20ac kostenlos.<\/li>\n\n\n\n<li><strong>Niederlande:<\/strong> Der Versand in die Niederlande wird pauschal mit 13,99 \u20ac f\u00fcr Pakete bis zu 5 kg berechnet. Bei Bestellungen \u00fcber \u20ac100 ist der Versand kostenlos.<\/li>\n<\/ul>\n\n<h4 class=\"wp-block-heading\">Lieferzeiten<\/h4>\n\n<ul class=\"wp-block-list\">\n<li><strong>Deutschland:<\/strong> Die \u00fcbliche Lieferzeit liegt zwischen 3-5 Werktagen.<\/li>\n\n\n\n<li><strong>\u00d6sterreich:<\/strong> Sendungen nach \u00d6sterreich treffen normalerweise innerhalb von 5-7 Werktagen ein.<\/li>\n\n\n\n<li><strong>Niederlande:<\/strong> Die Lieferung in die Niederlande dauert in der Regel 5-7 Arbeitstage.<\/li>\n<\/ul>\n\n<h4 class=\"wp-block-heading\">Zus\u00e4tzliche Informationen<\/h4>\n\n<ul class=\"wp-block-list\">\n<li>Alle Sendungen werden mit einer Sendungsverfolgungsnummer versehen, so dass Sie jederzeit den Status Ihrer Lieferung verfolgen k\u00f6nnen.<\/li>\n\n\n\n<li>Wir arbeiten mit renommierten Versanddienstleistern zusammen, um sicherzustellen, dass Ihre Bestellung sicher und p\u00fcnktlich ankommt.<\/li>\n\n\n\n<li>Bitte beachten Sie, dass die Lieferzeiten variieren k\u00f6nnen, insbesondere w\u00e4hrend der Feiertage oder aufgrund unvorhergesehener Umst\u00e4nde.<\/li>\n<\/ul>\n\n<p>Wir bem\u00fchen uns, einen reibungslosen und zufriedenstellenden Versandprozess zu gew\u00e4hrleisten. Wenn Sie Fragen zu Ihrer Sendung haben oder weitere Informationen ben\u00f6tigen, z\u00f6gern Sie bitte nicht, uns zu kontaktieren.<\/p>\n\n<p><\/p>\n","protected":false},"excerpt":{"rendered":"<p>Versandinformationen Wir versenden unsere Porzellan- und Glasprodukte direkt aus Deutschland an Kunden in Deutschland, \u00d6sterreich und den Niederlanden. Unten finden<\/p>\n","protected":false},"author":1,"featured_media":0,"parent":0,"menu_order":0,"comment_status":"closed","ping_status":"closed","template":"","meta":{"footnotes":""},"class_list":["post-11736","page","type-page","status-publish","hentry"],"_links":{"self":[{"href":"https:\/\/richful-global.com\/de\/wp-json\/wp\/v2\/pages\/11736","targetHints":{"allow":["GET"]}}],"collection":[{"href":"https:\/\/richful-global.com\/de\/wp-json\/wp\/v2\/pages"}],"about":[{"href":"https:\/\/richful-global.com\/de\/wp-json\/wp\/v2\/types\/page"}],"author":[{"embeddable":true,"href":"https:\/\/richful-global.com\/de\/wp-json\/wp\/v2\/users\/1"}],"replies":[{"embeddable":true,"href":"https:\/\/richful-global.com\/de\/wp-json\/wp\/v2\/comments?post=11736"}],"version-history":[{"count":0,"href":"https:\/\/richful-global.com\/de\/wp-json\/wp\/v2\/pages\/11736\/revisions"}],"wp:attachment":[{"href":"https:\/\/richful-global.com\/de\/wp-json\/wp\/v2\/media?parent=11736"}],"curies":[{"name":"wp","href":"https:\/\/api.w.org\/{rel}","templated":true}]}}