{"id":11738,"date":"2024-04-30T10:37:48","date_gmt":"2024-04-30T08:37:48","guid":{"rendered":"https:\/\/richful-global.com\/zahlungsarten\/"},"modified":"2024-05-03T08:58:15","modified_gmt":"2024-05-03T06:58:15","slug":"zahlungsarten","status":"publish","type":"page","link":"https:\/\/richful-global.com\/de\/zahlungsarten\/","title":{"rendered":"Zahlungsarten"},"content":{"rendered":"\n<h1 class=\"wp-block-heading\">Zahlungsarten<\/h1>\n\n<p>Wir bieten Ihnen mehrere sichere und bequeme Zahlungsoptionen an, damit Sie einfach und sicher zur Kasse gehen k\u00f6nnen. Hier sind die verf\u00fcgbaren Optionen:<\/p>\n\n<h4 class=\"wp-block-heading\">PayPal Sp\u00e4ter bezahlen<\/h4>\n\n<ul class=\"wp-block-list\">\n<li><strong>PayPal Sp\u00e4ter bezahlen:<\/strong> Diese bequeme Zahlungsoption von PayPal erm\u00f6glicht es Ihnen, die Bezahlung Ihrer Eink\u00e4ufe aufzuschieben. So k\u00f6nnen Sie flexibel einkaufen, ohne sofort bezahlen zu m\u00fcssen. Nutzen Sie die Sicherheit von PayPal, um jetzt zu kaufen und sp\u00e4ter gem\u00e4\u00df den Bedingungen von PayPal zu bezahlen.<\/li>\n<\/ul>\n\n<h4 class=\"wp-block-heading\">PayPal<\/h4>\n\n<ul class=\"wp-block-list\">\n<li><strong>PayPal:<\/strong> Eine der sichersten und am weitesten verbreiteten Online-Zahlungsmethoden. Mit PayPal k\u00f6nnen Sie einfach, schnell und sicher bezahlen. Wenn Sie bereits ein PayPal-Konto haben, k\u00f6nnen Sie mit Ihren Kontodaten bezahlen, ohne Ihre Finanzdaten erneut eingeben zu m\u00fcssen.<\/li>\n<\/ul>\n\n<h4 class=\"wp-block-heading\">Kreditkarte \u00fcber Stripe<\/h4>\n\n<ul class=\"wp-block-list\">\n<li><strong>Kreditkarte:<\/strong> Wir verarbeiten Kreditkartenzahlungen sicher \u00fcber Stripe. Wir akzeptieren die wichtigsten Kreditkarten wie Visa, MasterCard und American Express. Stripe bietet eine sichere Infrastruktur f\u00fcr Online-Zahlungen, die den Schutz Ihrer Daten gew\u00e4hrleistet.<\/li>\n<\/ul>\n\n<h3 class=\"wp-block-heading\">Sicherheit<\/h3>\n\n<p>Ihre Sicherheit ist uns wichtig. Deshalb verwenden wir fortschrittliche Verschl\u00fcsselungstechnologien, um Ihre pers\u00f6nlichen Daten und Zahlungsdetails zu sch\u00fctzen. Alle Zahlungen werden \u00fcber eine sichere Verbindung abgewickelt.<\/p>\n\n<p><\/p>\n","protected":false},"excerpt":{"rendered":"<p>Zahlungsarten Wir bieten Ihnen mehrere sichere und bequeme Zahlungsoptionen an, damit Sie einfach und sicher zur Kasse gehen k\u00f6nnen. Hier<\/p>\n","protected":false},"author":1,"featured_media":0,"parent":0,"menu_order":0,"comment_status":"closed","ping_status":"closed","template":"","meta":{"footnotes":""},"class_list":["post-11738","page","type-page","status-publish","hentry"],"_links":{"self":[{"href":"https:\/\/richful-global.com\/de\/wp-json\/wp\/v2\/pages\/11738","targetHints":{"allow":["GET"]}}],"collection":[{"href":"https:\/\/richful-global.com\/de\/wp-json\/wp\/v2\/pages"}],"about":[{"href":"https:\/\/richful-global.com\/de\/wp-json\/wp\/v2\/types\/page"}],"author":[{"embeddable":true,"href":"https:\/\/richful-global.com\/de\/wp-json\/wp\/v2\/users\/1"}],"replies":[{"embeddable":true,"href":"https:\/\/richful-global.com\/de\/wp-json\/wp\/v2\/comments?post=11738"}],"version-history":[{"count":0,"href":"https:\/\/richful-global.com\/de\/wp-json\/wp\/v2\/pages\/11738\/revisions"}],"wp:attachment":[{"href":"https:\/\/richful-global.com\/de\/wp-json\/wp\/v2\/media?parent=11738"}],"curies":[{"name":"wp","href":"https:\/\/api.w.org\/{rel}","templated":true}]}}