{"id":11534,"date":"2024-01-18T08:58:14","date_gmt":"2024-01-18T07:58:14","guid":{"rendered":"https:\/\/richful-global.com\/produkt\/premium-whiskyglas-4-stueck\/"},"modified":"2024-01-18T08:58:14","modified_gmt":"2024-01-18T07:58:14","slug":"premium-whiskyglas-4-stueck","status":"publish","type":"product","link":"https:\/\/richful-global.com\/de\/produkt\/premium-whiskyglas-4-stueck\/","title":{"rendered":"Premium Whiskyglas 4 St\u00fcck"},"content":{"rendered":"<p>Elegante Gl\u00e4ser, die in erster Linie nicht nur zum Servieren von Whisky, sondern auch f\u00fcr Wasser und Saft gedacht sind. Dieses Set ist f\u00fcr den t\u00e4glichen Gebrauch geeignet.<\/p>\n","protected":false},"excerpt":{"rendered":"<p>Material: Glas<\/p>\n<p>L\u00e4nge: 7,5 cm<\/p>\n<p>Breite: 7,5 cm<\/p>\n<p>H\u00f6he: 8,6 cm<\/p>\n<p>Volumen: 580ml<\/p>\n<p>Sp\u00fclmaschinenfest: Ja<\/p>\n<p>Mikrowellengeeignet: Nein<\/p>\n<p>Artikel Nummer:<\/p>\n","protected":false},"featured_media":11413,"comment_status":"open","ping_status":"closed","template":"","meta":[],"product_brand":[],"product_cat":[199,208,205,198,206,207],"product_tag":[],"class_list":{"0":"post-11534","1":"product","2":"type-product","3":"status-publish","4":"has-post-thumbnail","6":"product_cat-geschenk_ideen","7":"product_cat-glas-sets","8":"product_cat-sales-de","9":"product_cat-sets","10":"product_cat-sxgc-de","11":"product_cat-whiskyglas","13":"first","14":"instock","15":"taxable","16":"shipping-taxable","17":"purchasable","18":"product-type-simple"},"_links":{"self":[{"href":"https:\/\/richful-global.com\/de\/wp-json\/wp\/v2\/product\/11534","targetHints":{"allow":["GET"]}}],"collection":[{"href":"https:\/\/richful-global.com\/de\/wp-json\/wp\/v2\/product"}],"about":[{"href":"https:\/\/richful-global.com\/de\/wp-json\/wp\/v2\/types\/product"}],"replies":[{"embeddable":true,"href":"https:\/\/richful-global.com\/de\/wp-json\/wp\/v2\/comments?post=11534"}],"version-history":[{"count":0,"href":"https:\/\/richful-global.com\/de\/wp-json\/wp\/v2\/product\/11534\/revisions"}],"wp:featuredmedia":[{"embeddable":true,"href":"https:\/\/richful-global.com\/de\/wp-json\/wp\/v2\/media\/11413"}],"wp:attachment":[{"href":"https:\/\/richful-global.com\/de\/wp-json\/wp\/v2\/media?parent=11534"}],"wp:term":[{"taxonomy":"product_brand","embeddable":true,"href":"https:\/\/richful-global.com\/de\/wp-json\/wp\/v2\/product_brand?post=11534"},{"taxonomy":"product_cat","embeddable":true,"href":"https:\/\/richful-global.com\/de\/wp-json\/wp\/v2\/product_cat?post=11534"},{"taxonomy":"product_tag","embeddable":true,"href":"https:\/\/richful-global.com\/de\/wp-json\/wp\/v2\/product_tag?post=11534"}],"curies":[{"name":"wp","href":"https:\/\/api.w.org\/{rel}","templated":true}]}}