{"id":11535,"date":"2024-01-18T08:56:17","date_gmt":"2024-01-18T07:56:17","guid":{"rendered":"https:\/\/richful-global.com\/produkt\/premium-weinglas-4-stueck\/"},"modified":"2024-01-18T08:56:17","modified_gmt":"2024-01-18T07:56:17","slug":"premium-weinglas-4-stueck","status":"publish","type":"product","link":"https:\/\/richful-global.com\/de\/produkt\/premium-weinglas-4-stueck\/","title":{"rendered":"Premium Weinglas 4 St\u00fcck"},"content":{"rendered":"<p>Ein gro\u00dfer Kelch mit traditioneller Form bietet eine geeignete Oberfl\u00e4che f\u00fcr den Kontakt zwischen Luft und Wein, wodurch die Aromen langsam freigesetzt werden und der Geschmack zum Vorschein kommt.<\/p>\n","protected":false},"excerpt":{"rendered":"<p>Material: Glas<\/p>\n<p>L\u00e4nge: 7 cm<\/p>\n<p>Breite: 7,3 cm<\/p>\n<p>H\u00f6he: 25,2 cm<\/p>\n<p>Volumen: 720ml<\/p>\n<p>Sp\u00fclmaschinenfest: Ja<\/p>\n<p>Mikrowellengeeignet: Nein<\/p>\n<p>Artikel Nummer:<\/p>\n","protected":false},"featured_media":11411,"comment_status":"open","ping_status":"closed","template":"","meta":[],"product_brand":[],"product_cat":[199,208,198,206,209],"product_tag":[],"class_list":{"0":"post-11535","1":"product","2":"type-product","3":"status-publish","4":"has-post-thumbnail","6":"product_cat-geschenk_ideen","7":"product_cat-glas-sets","8":"product_cat-sets","9":"product_cat-sxgc-de","10":"product_cat-weinglas","12":"first","13":"instock","14":"taxable","15":"shipping-taxable","16":"purchasable","17":"product-type-simple"},"_links":{"self":[{"href":"https:\/\/richful-global.com\/de\/wp-json\/wp\/v2\/product\/11535","targetHints":{"allow":["GET"]}}],"collection":[{"href":"https:\/\/richful-global.com\/de\/wp-json\/wp\/v2\/product"}],"about":[{"href":"https:\/\/richful-global.com\/de\/wp-json\/wp\/v2\/types\/product"}],"replies":[{"embeddable":true,"href":"https:\/\/richful-global.com\/de\/wp-json\/wp\/v2\/comments?post=11535"}],"version-history":[{"count":0,"href":"https:\/\/richful-global.com\/de\/wp-json\/wp\/v2\/product\/11535\/revisions"}],"wp:featuredmedia":[{"embeddable":true,"href":"https:\/\/richful-global.com\/de\/wp-json\/wp\/v2\/media\/11411"}],"wp:attachment":[{"href":"https:\/\/richful-global.com\/de\/wp-json\/wp\/v2\/media?parent=11535"}],"wp:term":[{"taxonomy":"product_brand","embeddable":true,"href":"https:\/\/richful-global.com\/de\/wp-json\/wp\/v2\/product_brand?post=11535"},{"taxonomy":"product_cat","embeddable":true,"href":"https:\/\/richful-global.com\/de\/wp-json\/wp\/v2\/product_cat?post=11535"},{"taxonomy":"product_tag","embeddable":true,"href":"https:\/\/richful-global.com\/de\/wp-json\/wp\/v2\/product_tag?post=11535"}],"curies":[{"name":"wp","href":"https:\/\/api.w.org\/{rel}","templated":true}]}}