{"id":11536,"date":"2024-01-18T08:54:00","date_gmt":"2024-01-18T07:54:00","guid":{"rendered":"https:\/\/richful-global.com\/produkt\/premium-trinkglas-4-stueck-513ml\/"},"modified":"2024-01-18T08:54:00","modified_gmt":"2024-01-18T07:54:00","slug":"premium-trinkglas-4-stueck-513ml","status":"publish","type":"product","link":"https:\/\/richful-global.com\/de\/produkt\/premium-trinkglas-4-stueck-513ml\/","title":{"rendered":"Premium Trinkglas 4 St\u00fcck &#8211; 513ml"},"content":{"rendered":"<p>Transparentes Glas, eine bauchige Form, ein gro\u00dfes Volumen und ein stabiler Sockel werden Liebhabern von einfachem, funktionellem Design gefallen. Dieses Gl\u00e4serset passt auf jeden Tisch, unabh\u00e4ngig von der Art des Geschirrs. Die bequeme Form erleichtert das Halten der servierten Getr\u00e4nke.<\/p>\n","protected":false},"excerpt":{"rendered":"<p>Material: Glas<\/p>\n<p>L\u00e4nge: 10,2 cm<\/p>\n<p>Breite: 7,7 cm<\/p>\n<p>H\u00f6he: 7,5 cm<\/p>\n<p>Volumen: 513ml<\/p>\n<p>Sp\u00fclmaschinenfest: Ja<\/p>\n<p>Mikrowellengeeignet: Nein<\/p>\n<p>Artikel Nummer:<\/p>\n","protected":false},"featured_media":11415,"comment_status":"open","ping_status":"closed","template":"","meta":[],"product_brand":[],"product_cat":[199,208,198,206,210],"product_tag":[],"class_list":{"0":"post-11536","1":"product","2":"type-product","3":"status-publish","4":"has-post-thumbnail","6":"product_cat-geschenk_ideen","7":"product_cat-glas-sets","8":"product_cat-sets","9":"product_cat-sxgc-de","10":"product_cat-wasserglas","12":"first","13":"instock","14":"taxable","15":"shipping-taxable","16":"purchasable","17":"product-type-simple"},"_links":{"self":[{"href":"https:\/\/richful-global.com\/de\/wp-json\/wp\/v2\/product\/11536","targetHints":{"allow":["GET"]}}],"collection":[{"href":"https:\/\/richful-global.com\/de\/wp-json\/wp\/v2\/product"}],"about":[{"href":"https:\/\/richful-global.com\/de\/wp-json\/wp\/v2\/types\/product"}],"replies":[{"embeddable":true,"href":"https:\/\/richful-global.com\/de\/wp-json\/wp\/v2\/comments?post=11536"}],"version-history":[{"count":0,"href":"https:\/\/richful-global.com\/de\/wp-json\/wp\/v2\/product\/11536\/revisions"}],"wp:featuredmedia":[{"embeddable":true,"href":"https:\/\/richful-global.com\/de\/wp-json\/wp\/v2\/media\/11415"}],"wp:attachment":[{"href":"https:\/\/richful-global.com\/de\/wp-json\/wp\/v2\/media?parent=11536"}],"wp:term":[{"taxonomy":"product_brand","embeddable":true,"href":"https:\/\/richful-global.com\/de\/wp-json\/wp\/v2\/product_brand?post=11536"},{"taxonomy":"product_cat","embeddable":true,"href":"https:\/\/richful-global.com\/de\/wp-json\/wp\/v2\/product_cat?post=11536"},{"taxonomy":"product_tag","embeddable":true,"href":"https:\/\/richful-global.com\/de\/wp-json\/wp\/v2\/product_tag?post=11536"}],"curies":[{"name":"wp","href":"https:\/\/api.w.org\/{rel}","templated":true}]}}