{"id":11537,"date":"2024-01-18T08:53:30","date_gmt":"2024-01-18T07:53:30","guid":{"rendered":"https:\/\/richful-global.com\/produkt\/premium-trinkglas-4-stueck-380ml\/"},"modified":"2024-01-18T08:53:30","modified_gmt":"2024-01-18T07:53:30","slug":"premium-trinkglas-4-stueck-380ml","status":"publish","type":"product","link":"https:\/\/richful-global.com\/de\/produkt\/premium-trinkglas-4-stueck-380ml\/","title":{"rendered":"Premium Trinkglas 4 St\u00fcck &#8211; 380ml"},"content":{"rendered":"<p>Entdecken Sie die perfekte Mischung aus Stil und Funktionalit\u00e4t mit unserem Angebot an hochwertigen Wassergl\u00e4sern. Ganz gleich, ob Sie Ihren morgendlichen Saft schl\u00fcrfen oder ein erfrischendes Getr\u00e4nk genie\u00dfen, unsere Becher verleihen jedem Schluck einen Hauch von Eleganz. Die stromlinienf\u00f6rmige Form des Glases gew\u00e4hrleistet einen sicheren Griff und eine komfortable Handhabung des gef\u00fcllten Glases.<\/p>\n","protected":false},"excerpt":{"rendered":"<p>Material: Glas<\/p>\n<p>L\u00e4nge: 7,5 cm<\/p>\n<p>Breite: 7,5cm<\/p>\n<p>H\u00f6he: 15,5 cm<\/p>\n<p>Volumen: 380ml<\/p>\n<p>Sp\u00fclmaschinenfest: Ja<\/p>\n<p>Mikrowellengeeignet: Nein<\/p>\n<p>Artikel Nummer:<\/p>\n","protected":false},"featured_media":11414,"comment_status":"open","ping_status":"closed","template":"","meta":[],"product_brand":[],"product_cat":[199,208,198,206,210],"product_tag":[],"class_list":{"0":"post-11537","1":"product","2":"type-product","3":"status-publish","4":"has-post-thumbnail","6":"product_cat-geschenk_ideen","7":"product_cat-glas-sets","8":"product_cat-sets","9":"product_cat-sxgc-de","10":"product_cat-wasserglas","12":"first","13":"instock","14":"taxable","15":"shipping-taxable","16":"purchasable","17":"product-type-simple"},"_links":{"self":[{"href":"https:\/\/richful-global.com\/de\/wp-json\/wp\/v2\/product\/11537","targetHints":{"allow":["GET"]}}],"collection":[{"href":"https:\/\/richful-global.com\/de\/wp-json\/wp\/v2\/product"}],"about":[{"href":"https:\/\/richful-global.com\/de\/wp-json\/wp\/v2\/types\/product"}],"replies":[{"embeddable":true,"href":"https:\/\/richful-global.com\/de\/wp-json\/wp\/v2\/comments?post=11537"}],"version-history":[{"count":0,"href":"https:\/\/richful-global.com\/de\/wp-json\/wp\/v2\/product\/11537\/revisions"}],"wp:featuredmedia":[{"embeddable":true,"href":"https:\/\/richful-global.com\/de\/wp-json\/wp\/v2\/media\/11414"}],"wp:attachment":[{"href":"https:\/\/richful-global.com\/de\/wp-json\/wp\/v2\/media?parent=11537"}],"wp:term":[{"taxonomy":"product_brand","embeddable":true,"href":"https:\/\/richful-global.com\/de\/wp-json\/wp\/v2\/product_brand?post=11537"},{"taxonomy":"product_cat","embeddable":true,"href":"https:\/\/richful-global.com\/de\/wp-json\/wp\/v2\/product_cat?post=11537"},{"taxonomy":"product_tag","embeddable":true,"href":"https:\/\/richful-global.com\/de\/wp-json\/wp\/v2\/product_tag?post=11537"}],"curies":[{"name":"wp","href":"https:\/\/api.w.org\/{rel}","templated":true}]}}