{"id":11539,"date":"2024-01-17T16:11:03","date_gmt":"2024-01-17T15:11:03","guid":{"rendered":"https:\/\/richful-global.com\/produkt\/tellerset-collection-mit-3-teilen\/"},"modified":"2024-01-17T16:11:03","modified_gmt":"2024-01-17T15:11:03","slug":"tellerset-collection-mit-3-teilen","status":"publish","type":"product","link":"https:\/\/richful-global.com\/de\/produkt\/tellerset-collection-mit-3-teilen\/","title":{"rendered":"Tellerset &#8222;Collection&#8220; mit 3 Teilen"},"content":{"rendered":"<p>Die Collection Teller-Sets mit 3 verschiedenen Gr\u00f6\u00dfen 22cm, 26cm und 29cm sind f\u00fcr den t\u00e4glichen Gebrauch und verschiedene Anl\u00e4sse gedacht. Der Teller kann leicht in der Sp\u00fclmaschine gereinigt werden und der Sitz ist perfekt, um in jede Aufbewahrung zu passen.<\/p>\n","protected":false},"excerpt":{"rendered":"<p>Material: Porzellan<\/p>\n<p>L\u00e4nge: &#8211;<\/p>\n<p>Breite:<\/p>\n<p>Volumen: &#8211;<\/p>\n<p>Sp\u00fclmaschinenfest: Ja<\/p>\n<p>Mikrowellengeeignet: Ja<\/p>\n<p>Artikel Nummer:<\/p>\n","protected":false},"featured_media":11405,"comment_status":"open","ping_status":"closed","template":"","meta":[],"product_brand":[],"product_cat":[199,195,197,212,198],"product_tag":[],"class_list":{"0":"post-11539","1":"product","2":"type-product","3":"status-publish","4":"has-post-thumbnail","6":"product_cat-geschenk_ideen","7":"product_cat-platte","8":"product_cat-porzellan-sets","9":"product_cat-richful","10":"product_cat-sets","12":"first","13":"instock","14":"taxable","15":"shipping-taxable","16":"purchasable","17":"product-type-simple"},"_links":{"self":[{"href":"https:\/\/richful-global.com\/de\/wp-json\/wp\/v2\/product\/11539","targetHints":{"allow":["GET"]}}],"collection":[{"href":"https:\/\/richful-global.com\/de\/wp-json\/wp\/v2\/product"}],"about":[{"href":"https:\/\/richful-global.com\/de\/wp-json\/wp\/v2\/types\/product"}],"replies":[{"embeddable":true,"href":"https:\/\/richful-global.com\/de\/wp-json\/wp\/v2\/comments?post=11539"}],"version-history":[{"count":0,"href":"https:\/\/richful-global.com\/de\/wp-json\/wp\/v2\/product\/11539\/revisions"}],"wp:featuredmedia":[{"embeddable":true,"href":"https:\/\/richful-global.com\/de\/wp-json\/wp\/v2\/media\/11405"}],"wp:attachment":[{"href":"https:\/\/richful-global.com\/de\/wp-json\/wp\/v2\/media?parent=11539"}],"wp:term":[{"taxonomy":"product_brand","embeddable":true,"href":"https:\/\/richful-global.com\/de\/wp-json\/wp\/v2\/product_brand?post=11539"},{"taxonomy":"product_cat","embeddable":true,"href":"https:\/\/richful-global.com\/de\/wp-json\/wp\/v2\/product_cat?post=11539"},{"taxonomy":"product_tag","embeddable":true,"href":"https:\/\/richful-global.com\/de\/wp-json\/wp\/v2\/product_tag?post=11539"}],"curies":[{"name":"wp","href":"https:\/\/api.w.org\/{rel}","templated":true}]}}