{"id":11941,"date":"2024-10-21T13:36:43","date_gmt":"2024-10-21T11:36:43","guid":{"rendered":"https:\/\/richful-global.com\/?post_type=product&#038;p=11941"},"modified":"2024-10-21T15:40:59","modified_gmt":"2024-10-21T13:40:59","slug":"premium-whiskyglas-4-stuck-copy-2","status":"publish","type":"product","link":"https:\/\/richful-global.com\/de\/produkt\/premium-whiskyglas-4-stuck-copy-2\/","title":{"rendered":"Premium Whiskyglas 4 St\u00fcck (Copy)"},"content":{"rendered":"<p>Elegante Gl\u00e4ser, die in erster Linie nicht nur zum Servieren von Whisky, sondern auch f\u00fcr Wasser und Saft gedacht sind. Dieses Set ist f\u00fcr den t\u00e4glichen Gebrauch geeignet.<\/p>\n","protected":false},"excerpt":{"rendered":"<p>Material: Glas<\/p>\n<p>L\u00e4nge: 7,5 cm<\/p>\n<p>Breite: 7,5 cm<\/p>\n<p>H\u00f6he: 8,6 cm<\/p>\n<p>Volumen: 580ml<\/p>\n<p>Sp\u00fclmaschinenfest: Ja<\/p>\n<p>Mikrowellengeeignet: Nein<\/p>\n<p>Artikel Nummer:<\/p>\n","protected":false},"featured_media":11943,"comment_status":"open","ping_status":"closed","template":"","meta":[],"product_brand":[],"product_cat":[199,208,212,205,198,210,207],"product_tag":[],"class_list":{"0":"post-11941","1":"product","2":"type-product","3":"status-publish","4":"has-post-thumbnail","6":"product_cat-geschenk_ideen","7":"product_cat-glas-sets","8":"product_cat-richful","9":"product_cat-sales-de","10":"product_cat-sets","11":"product_cat-wasserglas","12":"product_cat-whiskyglas","14":"first","15":"instock","16":"taxable","17":"shipping-taxable","18":"purchasable","19":"product-type-simple"},"_links":{"self":[{"href":"https:\/\/richful-global.com\/de\/wp-json\/wp\/v2\/product\/11941","targetHints":{"allow":["GET"]}}],"collection":[{"href":"https:\/\/richful-global.com\/de\/wp-json\/wp\/v2\/product"}],"about":[{"href":"https:\/\/richful-global.com\/de\/wp-json\/wp\/v2\/types\/product"}],"replies":[{"embeddable":true,"href":"https:\/\/richful-global.com\/de\/wp-json\/wp\/v2\/comments?post=11941"}],"version-history":[{"count":1,"href":"https:\/\/richful-global.com\/de\/wp-json\/wp\/v2\/product\/11941\/revisions"}],"predecessor-version":[{"id":11948,"href":"https:\/\/richful-global.com\/de\/wp-json\/wp\/v2\/product\/11941\/revisions\/11948"}],"wp:featuredmedia":[{"embeddable":true,"href":"https:\/\/richful-global.com\/de\/wp-json\/wp\/v2\/media\/11943"}],"wp:attachment":[{"href":"https:\/\/richful-global.com\/de\/wp-json\/wp\/v2\/media?parent=11941"}],"wp:term":[{"taxonomy":"product_brand","embeddable":true,"href":"https:\/\/richful-global.com\/de\/wp-json\/wp\/v2\/product_brand?post=11941"},{"taxonomy":"product_cat","embeddable":true,"href":"https:\/\/richful-global.com\/de\/wp-json\/wp\/v2\/product_cat?post=11941"},{"taxonomy":"product_tag","embeddable":true,"href":"https:\/\/richful-global.com\/de\/wp-json\/wp\/v2\/product_tag?post=11941"}],"curies":[{"name":"wp","href":"https:\/\/api.w.org\/{rel}","templated":true}]}}